{"id":2493,"date":"2023-05-09T09:32:51","date_gmt":"2023-05-09T07:32:51","guid":{"rendered":"https:\/\/wagner.markeasy.lu\/prevoyance-deces\/"},"modified":"2023-05-11T09:13:40","modified_gmt":"2023-05-11T07:13:40","slug":"prevoyance-deces","status":"publish","type":"page","link":"https:\/\/pompes-funebres-wagner.lu\/de\/prevoyance-deces\/","title":{"rendered":"Todesfallvorsorge"},"content":{"rendered":"\t\t<div data-elementor-type=\"wp-page\" data-elementor-id=\"2493\" class=\"elementor elementor-2493 elementor-2008\" data-elementor-post-type=\"page\">\n\t\t\t\t\t\t<section class=\"elementor-section elementor-top-section elementor-element elementor-element-5507b18 elementor-section-boxed elementor-section-height-default elementor-section-height-default\" data-id=\"5507b18\" data-element_type=\"section\" data-e-type=\"section\" data-settings=\"{&quot;background_background&quot;:&quot;classic&quot;}\">\n\t\t\t\t\t\t\t<div class=\"elementor-background-overlay\"><\/div>\n\t\t\t\t\t\t\t<div class=\"elementor-container elementor-column-gap-no\">\n\t\t\t\t\t<div class=\"elementor-column elementor-col-100 elementor-top-column elementor-element elementor-element-54f5853\" data-id=\"54f5853\" data-element_type=\"column\" data-e-type=\"column\">\n\t\t\t<div class=\"elementor-widget-wrap elementor-element-populated\">\n\t\t\t\t\t\t<div class=\"elementor-element elementor-element-bedd838 elementor-widget elementor-widget-heading\" data-id=\"bedd838\" data-element_type=\"widget\" data-e-type=\"widget\" data-widget_type=\"heading.default\">\n\t\t\t\t<div class=\"elementor-widget-container\">\n\t\t\t\t\t<h2 class=\"elementor-heading-title elementor-size-default\">Todesfallvorsorge<\/h2>\t\t\t\t<\/div>\n\t\t\t\t<\/div>\n\t\t\t\t\t<\/div>\n\t\t<\/div>\n\t\t\t\t\t<\/div>\n\t\t<\/section>\n\t\t\t\t<section class=\"elementor-section elementor-top-section elementor-element elementor-element-e0da423 elementor-section-boxed elementor-section-height-default elementor-section-height-default\" data-id=\"e0da423\" data-element_type=\"section\" data-e-type=\"section\" data-settings=\"{&quot;background_background&quot;:&quot;gradient&quot;}\">\n\t\t\t\t\t\t<div class=\"elementor-container elementor-column-gap-default\">\n\t\t\t\t\t<div class=\"elementor-column elementor-col-50 elementor-top-column elementor-element elementor-element-0334b23\" data-id=\"0334b23\" data-element_type=\"column\" data-e-type=\"column\" data-settings=\"{&quot;background_background&quot;:&quot;classic&quot;}\">\n\t\t\t<div class=\"elementor-widget-wrap elementor-element-populated\">\n\t\t\t\t\t\t<div class=\"elementor-element elementor-element-2a512cc elementor--h-position-center elementor--v-position-middle elementor-widget elementor-widget-slides\" data-id=\"2a512cc\" data-element_type=\"widget\" data-e-type=\"widget\" data-settings=\"{&quot;navigation&quot;:&quot;none&quot;,&quot;autoplay&quot;:&quot;yes&quot;,&quot;pause_on_hover&quot;:&quot;yes&quot;,&quot;pause_on_interaction&quot;:&quot;yes&quot;,&quot;autoplay_speed&quot;:5000,&quot;infinite&quot;:&quot;yes&quot;,&quot;transition&quot;:&quot;slide&quot;,&quot;transition_speed&quot;:500}\" data-widget_type=\"slides.default\">\n\t\t\t\t<div class=\"elementor-widget-container\">\n\t\t\t\t\t\t\t\t\t<div class=\"elementor-swiper\">\n\t\t\t\t\t<div class=\"elementor-slides-wrapper elementor-main-swiper swiper\" role=\"region\" aria-roledescription=\"carousel\" aria-label=\"Slider\" dir=\"ltr\" data-animation=\"fadeInLeft\">\n\t\t\t\t<div class=\"swiper-wrapper elementor-slides\">\n\t\t\t\t\t\t\t\t\t\t<div class=\"elementor-repeater-item-4fb9411 swiper-slide\" role=\"group\" aria-roledescription=\"slide\"><div class=\"swiper-slide-bg\"><\/div><div class=\"swiper-slide-inner\" ><div class=\"swiper-slide-contents\"><div class=\"elementor-slide-heading\">Todesfallvorsorge<\/div><div class=\"elementor-slide-description\">Dank unserem Todesfallvorsorge-Service k\u00f6nnen Sie selbst alle Modalit\u00e4ten Ihrer Bestattung festlegen: den Bestattungsort, die Wahl des Sarges oder der Urne.<br><br>Sie entscheiden \u00fcber alles und befreien damit Ihre Angeh\u00f6rigen von allen moralischen und finanziellen Sorgen.<br><br>Vertraulichkeit garantiert.<br><br>Vereinbaren Sie einen Termin zur Beratung und Erl\u00e4uterung der Details und Modalit\u00e4ten...<br><br>Kontaktieren Sie uns unter 32 92 27 f\u00fcr weitere Informationen und Beratung.<\/div><\/div><\/div><\/div>\t\t\t\t<\/div>\n\t\t\t\t\t\t\t<\/div>\n\t\t\t\t<\/div>\n\t\t\t\t\t\t\t\t<\/div>\n\t\t\t\t<\/div>\n\t\t\t\t\t<\/div>\n\t\t<\/div>\n\t\t\t\t<div class=\"elementor-column elementor-col-50 elementor-top-column elementor-element elementor-element-6ab42ab\" data-id=\"6ab42ab\" data-element_type=\"column\" data-e-type=\"column\">\n\t\t\t<div class=\"elementor-widget-wrap elementor-element-populated\">\n\t\t\t\t\t\t<div class=\"elementor-element elementor-element-ce29693 elementor-widget-tablet__width-initial elementor-widget-mobile__width-auto elementor-widget elementor-widget-image\" data-id=\"ce29693\" data-element_type=\"widget\" data-e-type=\"widget\" data-widget_type=\"image.default\">\n\t\t\t\t<div class=\"elementor-widget-container\">\n\t\t\t\t\t\t\t\t\t\t\t\t\t\t\t<img fetchpriority=\"high\" decoding=\"async\" width=\"1024\" height=\"682\" src=\"https:\/\/pompes-funebres-wagner.lu\/wp-content\/uploads\/2023\/05\/rsz_businessman-protects-family-members-with-umbrella-digital-tablet-iy5e7toiw-transformed-1024x682.jpg\" class=\"attachment-large size-large wp-image-2476\" alt=\"\" srcset=\"https:\/\/pompes-funebres-wagner.lu\/wp-content\/uploads\/2023\/05\/rsz_businessman-protects-family-members-with-umbrella-digital-tablet-iy5e7toiw-transformed-1024x682.jpg 1024w, https:\/\/pompes-funebres-wagner.lu\/wp-content\/uploads\/2023\/05\/rsz_businessman-protects-family-members-with-umbrella-digital-tablet-iy5e7toiw-transformed-300x200.jpg 300w, https:\/\/pompes-funebres-wagner.lu\/wp-content\/uploads\/2023\/05\/rsz_businessman-protects-family-members-with-umbrella-digital-tablet-iy5e7toiw-transformed-768x511.jpg 768w, https:\/\/pompes-funebres-wagner.lu\/wp-content\/uploads\/2023\/05\/rsz_businessman-protects-family-members-with-umbrella-digital-tablet-iy5e7toiw-transformed.jpg 1500w\" sizes=\"(max-width: 1024px) 100vw, 1024px\" \/>\t\t\t\t\t\t\t\t\t\t\t\t\t\t\t<\/div>\n\t\t\t\t<\/div>\n\t\t\t\t\t<\/div>\n\t\t<\/div>\n\t\t\t\t\t<\/div>\n\t\t<\/section>\n\t\t\t\t<section class=\"elementor-section elementor-top-section elementor-element elementor-element-23c9b62 elementor-section-full_width elementor-section-height-default elementor-section-height-default\" data-id=\"23c9b62\" data-element_type=\"section\" data-e-type=\"section\">\n\t\t\t\t\t\t<div class=\"elementor-container elementor-column-gap-no\">\n\t\t\t\t\t<div class=\"elementor-column elementor-col-100 elementor-top-column elementor-element elementor-element-8889fa2\" data-id=\"8889fa2\" data-element_type=\"column\" data-e-type=\"column\">\n\t\t\t<div class=\"elementor-widget-wrap elementor-element-populated\">\n\t\t\t\t\t\t<div class=\"elementor-element elementor-element-5a668a4 elementor-widget elementor-widget-shortcode\" data-id=\"5a668a4\" data-element_type=\"widget\" data-e-type=\"widget\" data-widget_type=\"shortcode.default\">\n\t\t\t\t<div class=\"elementor-widget-container\">\n\t\t\t\t\t\t\t<div class=\"elementor-shortcode\">\t\t<div data-elementor-type=\"section\" data-elementor-id=\"2769\" class=\"elementor elementor-2769 elementor-2670\" data-elementor-post-type=\"elementor_library\">\n\t\t\t\t\t<section class=\"elementor-section elementor-top-section elementor-element elementor-element-33086258 elementor-section-boxed elementor-section-height-default elementor-section-height-default\" data-id=\"33086258\" data-element_type=\"section\" data-e-type=\"section\" data-settings=\"{&quot;background_background&quot;:&quot;gradient&quot;}\">\n\t\t\t\t\t\t<div class=\"elementor-container elementor-column-gap-no\">\n\t\t\t\t\t<div class=\"elementor-column elementor-col-100 elementor-top-column elementor-element elementor-element-7adc4925\" data-id=\"7adc4925\" data-element_type=\"column\" data-e-type=\"column\" data-settings=\"{&quot;background_background&quot;:&quot;classic&quot;}\">\n\t\t\t<div class=\"elementor-widget-wrap elementor-element-populated\">\n\t\t\t\t\t\t<div class=\"elementor-element elementor-element-7dfe1de2 elementor-widget elementor-widget-heading\" data-id=\"7dfe1de2\" data-element_type=\"widget\" data-e-type=\"widget\" data-widget_type=\"heading.default\">\n\t\t\t\t<div class=\"elementor-widget-container\">\n\t\t\t\t\t<h3 class=\"elementor-heading-title elementor-size-default\">W\u00fcrdevolle, respektvolle und aufmerksame Beerdigung.<\/h3>\t\t\t\t<\/div>\n\t\t\t\t<\/div>\n\t\t\t\t<div class=\"elementor-element elementor-element-3186b0dd elementor-widget elementor-widget-text-editor\" data-id=\"3186b0dd\" data-element_type=\"widget\" data-e-type=\"widget\" data-widget_type=\"text-editor.default\">\n\t\t\t\t<div class=\"elementor-widget-container\">\n\t\t\t\t\t\t\t\t\t<p>Wir sind hier, um Sie in dieser schwierigen Zeit zu begleiten. Schicken Sie uns eine Nachricht und lassen Sie uns gemeinsam die Erinnerung an Ihren lieben Menschen ehren.<\/p>\n\t\t\t\t\t\t\t\t<\/div>\n\t\t\t\t<\/div>\n\t\t\t\t<div class=\"elementor-element elementor-element-1bb363aa elementor-align-center elementor-invisible elementor-widget elementor-widget-button\" data-id=\"1bb363aa\" data-element_type=\"widget\" data-e-type=\"widget\" data-settings=\"{&quot;_animation&quot;:&quot;pulse&quot;,&quot;_animation_delay&quot;:1000}\" data-widget_type=\"button.default\">\n\t\t\t\t<div class=\"elementor-widget-container\">\n\t\t\t\t\t\t\t\t\t<div class=\"elementor-button-wrapper\">\n\t\t\t\t\t<a class=\"elementor-button elementor-button-link elementor-size-sm elementor-animation-pulse-grow\" href=\"#elementor-action%3Aaction%3Dpopup%3Aopen%26settings%3DeyJpZCI6MjUwOSwidG9nZ2xlIjpmYWxzZX0%3D\">\n\t\t\t\t\t\t<span class=\"elementor-button-content-wrapper\">\n\t\t\t\t\t\t\t\t\t<span class=\"elementor-button-text\">KONTAKT FORMULAR \u27a3<\/span>\n\t\t\t\t\t<\/span>\n\t\t\t\t\t<\/a>\n\t\t\t\t<\/div>\n\t\t\t\t\t\t\t\t<\/div>\n\t\t\t\t<\/div>\n\t\t\t\t\t<\/div>\n\t\t<\/div>\n\t\t\t\t\t<\/div>\n\t\t<\/section>\n\t\t\t\t<\/div>\n\t\t<\/div>\n\t\t\t\t\t\t<\/div>\n\t\t\t\t<\/div>\n\t\t\t\t\t<\/div>\n\t\t<\/div>\n\t\t\t\t\t<\/div>\n\t\t<\/section>\n\t\t\t\t<\/div>\n\t\t","protected":false},"excerpt":{"rendered":"<p>Todesfallvorsorge TodesfallvorsorgeDank unserem Todesfallvorsorge-Service k\u00f6nnen Sie selbst alle Modalit\u00e4ten Ihrer Bestattung festlegen: den Bestattungsort, die Wahl des Sarges oder der Urne. Sie entscheiden \u00fcber alles und befreien damit Ihre Angeh\u00f6rigen von allen moralischen und finanziellen Sorgen. Vertraulichkeit garantiert. Vereinbaren Sie einen Termin zur Beratung und Erl\u00e4uterung der Details und Modalit\u00e4ten&#8230; Kontaktieren Sie uns unter 32 [&hellip;]<\/p>\n","protected":false},"author":1,"featured_media":0,"parent":0,"menu_order":0,"comment_status":"closed","ping_status":"closed","template":"","meta":{"inline_featured_image":false,"site-sidebar-layout":"no-sidebar","site-content-layout":"page-builder","ast-site-content-layout":"default","site-content-style":"default","site-sidebar-style":"default","ast-global-header-display":"","ast-banner-title-visibility":"","ast-main-header-display":"","ast-hfb-above-header-display":"","ast-hfb-below-header-display":"","ast-hfb-mobile-header-display":"","site-post-title":"disabled","ast-breadcrumbs-content":"","ast-featured-img":"disabled","footer-sml-layout":"","ast-disable-related-posts":"","theme-transparent-header-meta":"enabled","adv-header-id-meta":"","stick-header-meta":"","header-above-stick-meta":"","header-main-stick-meta":"","header-below-stick-meta":"","astra-migrate-meta-layouts":"default","ast-page-background-enabled":"default","ast-page-background-meta":{"desktop":{"background-color":"","background-image":"","background-repeat":"repeat","background-position":"center center","background-size":"auto","background-attachment":"scroll","background-type":"","background-media":"","overlay-type":"","overlay-color":"","overlay-opacity":"","overlay-gradient":""},"tablet":{"background-color":"","background-image":"","background-repeat":"repeat","background-position":"center center","background-size":"auto","background-attachment":"scroll","background-type":"","background-media":"","overlay-type":"","overlay-color":"","overlay-opacity":"","overlay-gradient":""},"mobile":{"background-color":"","background-image":"","background-repeat":"repeat","background-position":"center center","background-size":"auto","background-attachment":"scroll","background-type":"","background-media":"","overlay-type":"","overlay-color":"","overlay-opacity":"","overlay-gradient":""}},"ast-content-background-meta":{"desktop":{"background-color":"var(--ast-global-color-5)","background-image":"","background-repeat":"repeat","background-position":"center center","background-size":"auto","background-attachment":"scroll","background-type":"","background-media":"","overlay-type":"","overlay-color":"","overlay-opacity":"","overlay-gradient":""},"tablet":{"background-color":"var(--ast-global-color-5)","background-image":"","background-repeat":"repeat","background-position":"center center","background-size":"auto","background-attachment":"scroll","background-type":"","background-media":"","overlay-type":"","overlay-color":"","overlay-opacity":"","overlay-gradient":""},"mobile":{"background-color":"var(--ast-global-color-5)","background-image":"","background-repeat":"repeat","background-position":"center center","background-size":"auto","background-attachment":"scroll","background-type":"","background-media":"","overlay-type":"","overlay-color":"","overlay-opacity":"","overlay-gradient":""}},"footnotes":""},"class_list":["post-2493","page","type-page","status-publish","hentry"],"_links":{"self":[{"href":"https:\/\/pompes-funebres-wagner.lu\/de\/wp-json\/wp\/v2\/pages\/2493"}],"collection":[{"href":"https:\/\/pompes-funebres-wagner.lu\/de\/wp-json\/wp\/v2\/pages"}],"about":[{"href":"https:\/\/pompes-funebres-wagner.lu\/de\/wp-json\/wp\/v2\/types\/page"}],"author":[{"embeddable":true,"href":"https:\/\/pompes-funebres-wagner.lu\/de\/wp-json\/wp\/v2\/users\/1"}],"replies":[{"embeddable":true,"href":"https:\/\/pompes-funebres-wagner.lu\/de\/wp-json\/wp\/v2\/comments?post=2493"}],"version-history":[{"count":18,"href":"https:\/\/pompes-funebres-wagner.lu\/de\/wp-json\/wp\/v2\/pages\/2493\/revisions"}],"predecessor-version":[{"id":3043,"href":"https:\/\/pompes-funebres-wagner.lu\/de\/wp-json\/wp\/v2\/pages\/2493\/revisions\/3043"}],"wp:attachment":[{"href":"https:\/\/pompes-funebres-wagner.lu\/de\/wp-json\/wp\/v2\/media?parent=2493"}],"curies":[{"name":"wp","href":"https:\/\/api.w.org\/{rel}","templated":true}]}}